{"id":219,"date":"2025-05-20T08:44:58","date_gmt":"2025-05-20T08:44:58","guid":{"rendered":"https:\/\/fenway.de\/?page_id=219"},"modified":"2025-08-25T03:48:48","modified_gmt":"2025-08-25T03:48:48","slug":"one-page-express","status":"publish","type":"page","link":"https:\/\/fenway.de\/","title":{"rendered":"Front Page"},"content":{"rendered":"<div id=\"content-3\" class=\"content-left-image-section\" style=\"background-color: #ffffff;\" data-label=\"Content\" data-id=\"content-image-left\" data-category=\"content\">\n<div class=\"gridContainer\">\n<div class=\"row\">\n<div class=\"content-left-image-imgcol\" data-type=\"column\"><img decoding=\"async\" class=\"\" src=\"https:\/\/fenway.de\/wp-content\/plugins\/one-page-express-companion\/theme-data\/one-page-express\/sections\/images\/project1.jpg\" \/><\/div>\n<div class=\"content-left-image-textcol dynamic-color\" data-type=\"column\">\n<h2 class=\"\">Mein journalistisches Selbstverst\u00e4ndnis<\/h2>\n<p class=\"large_text\">Seri\u00f6se Nachrichten werden in Zeiten von Fake News und tendenzi\u00f6ser Berichterstattung immer wichtiger. Demokratie funktioniert nur mit einer aufgekl\u00e4rten Gesellschaft, in der die Medien frei und unabh\u00e4ngig arbeiten k\u00f6nnen. Ich sehen meine Aufgabe darin, wichtige Themen aufzusp\u00fcren, diese gut zu recherchieren und journalistisch auf den Punkt zu bringen \u2013 immer mit dem Blick f\u00fcr den Leser, der am Ende der Lekt\u00fcre mehr wissen sollte als zuvor. Ich freue mich immer \u00fcber spannende Themen. Kommen Sie gerne mit mir in Kontakt. Wir lesen uns!<\/p>\n\n<\/div>\n<\/div>\n<\/div>\n<\/div>\n<div id=\"content-4\" class=\"content-right-image-section\" style=\"background-color: #f6f6f6;\" data-label=\"Content\" data-id=\"content-image-right\" data-category=\"content\">\n<div class=\"gridContainer\">\n<div class=\"content-right-image-gridcol\">\n<div class=\"content-right-image-textcol dynamic-color\" data-type=\"column\">\n<h2 class=\"\">Profil<\/h2>\n<p class=\"large_text\">Als freier Journalist schreibe ich \u00fcber eine Vielzahl von Themen \u2013 von Politik und Gesellschaft \u00fcber Kultur und Medien bis hin zu Wirtschaft und Digitalisierung. Meine Beitr\u00e4ge erscheinen regelm\u00e4\u00dfig in renommierten Print- und Online-Medien.<\/p>\nEinen ausgew\u00e4hlten Einblick in mein Portfolio finden Sie auf meinem Muck Rack-Profil. Dort habe ich eine Auswahl aktueller Artikel, Reportagen und Interviews zusammengestellt.\n\nViel Freude beim St\u00f6bern \u2013 und bei Fragen oder Interesse an einer Zusammenarbeit freue ich mich \u00fcber Ihre Nachricht!\n\n<a class=\"button blue\" href=\"https:\/\/muckrack.com\/christian-gerards-1\">Go to Muck Rack<\/a>\n\n<\/div>\n<div class=\"content-right-image-imgcol\" data-type=\"column\"><img decoding=\"async\" class=\"\" src=\"https:\/\/fenway.de\/wp-content\/uploads\/2024\/01\/12438977_1075206722542081_4674021653249884157_n.jpg\" alt=\"\" \/><\/div>\n<\/div>\n<\/div>\n<\/div>\n<div id=\"about-1\" class=\"about-big-images-section\" style=\"background-color: #f6f6f6;\" data-label=\"About\" data-id=\"about-big-images-section\" data-category=\"about\">\n<div class=\"\">\n<div class=\"about-big-images-textrow\">\n<div class=\"about-big-images-textcol dynamic-color\" data-type=\"column\">\n<h5 class=\"\">\u00dcber Christian Gerards<\/h5>\n<p class=\"\">Christian Gerards ist freier Journalist, Reporter und Moderator mit Basis in Mannheim \u2013 und mit einem Gesp\u00fcr f\u00fcr Geschichten, die z\u00e4hlen. Ob f\u00fcr dpa, kicker, die Badischen Neuesten Nachrichten, den Mannheimer Morgen oder Die Rheinpfalz \u2013 er liefert fundierten Journalismus mit Haltung und einem klaren Blick f\u00fcrs Wesentliche.<\/p>\nSein journalistisches Handwerk hat er von der Pike auf gelernt: Als Lokal- und Sportredakteur in Tuttlingen, sp\u00e4ter als Redaktionsleiter in Markdorf und schlie\u00dflich als Leiter der Lokalredaktionen im Landkreis Tuttlingen bei der Schw\u00e4bischen Zeitung.\n\nHeute ist er dort unterwegs, wo es spannend wird \u2013 mit Mikrofon, Notizblock und Neugier im Gep\u00e4ck.\n\n<img decoding=\"async\" class=\"custom-image\" src=\"https:\/\/fenway.de\/wp-content\/uploads\/2025\/04\/PSX_20250204_014545.jpg\" alt=\"\" \/>\n\n<\/div>\n<\/div>\n<\/div>\n<div class=\"about-big-images-bottomrow\">\n<div class=\"about-big-images-leftimgcol\"><img decoding=\"async\" class=\"about-big-images-leftimg\" src=\"https:\/\/fenway.de\/wp-content\/plugins\/one-page-express-companion\/theme-data\/one-page-express\/sections\/images\/nordwood-themes-180852.jpg\" \/><\/div>\n<div class=\"about-big-images-centerimgcol\"><img decoding=\"async\" class=\"about-big-images-centerimg\" src=\"https:\/\/fenway.de\/wp-content\/uploads\/2025\/05\/light-window-glass-urban-train-subway-66801-pxhere-com-1.jpg\" alt=\"\" \/><\/div>\n<div class=\"about-big-images-rightimgcol\"><img decoding=\"async\" class=\"about-big-images-rightimg\" src=\"https:\/\/fenway.de\/wp-content\/uploads\/2025\/05\/desk-notebook-writing-work-hand-working-712313-pxhere-com-small.jpg\" alt=\"\" \/><\/div>\n<\/div>\n<\/div>\n<div id=\"contact-4\" class=\"contact-section-formsection white-text contact-section\" data-label=\"Contact\" data-id=\"contact-section\" data-category=\"contact\" data-bg=\"transparent\">\n<div class=\"gridContainer\">\n<div class=\"row_224\">\n<div class=\"contact-textrow\">\n<div class=\"contact-textcol dynamic-color\">\n<h2 class=\"\">Kontakt<\/h2>\n<\/div>\n<\/div>\n<\/div>\n<div class=\"contact-formcol\" data-content-shortcode=\"one_page_express_contact_form shortcode=&quot;christian@fenway.de&quot;\" data-editable=\"true\">[christian@fenway.de]<\/div>\n<\/div>\n<\/div>","protected":false},"excerpt":{"rendered":"<p>Mein journalistisches Selbstverst\u00e4ndnis Seri\u00f6se Nachrichten werden in Zeiten von Fake News und tendenzi\u00f6ser Berichterstattung immer wichtiger. Demokratie funktioniert nur mit einer aufgekl\u00e4rten Gesellschaft, in der die Medien frei und unabh\u00e4ngig arbeiten k\u00f6nnen. Ich sehen meine Aufgabe darin, wichtige Themen aufzusp\u00fcren, diese gut zu recherchieren und journalistisch auf den Punkt zu bringen \u2013 immer mit dem&hellip; <br \/> <a class=\"button small blue\" href=\"https:\/\/fenway.de\/\">Weiterlesen<\/a><\/p>\n","protected":false},"author":1,"featured_media":0,"parent":0,"menu_order":0,"comment_status":"closed","ping_status":"closed","template":"","meta":{"footnotes":""},"class_list":["post-219","page","type-page","status-publish","hentry"],"yoast_head":"<!-- This site is optimized with the Yoast SEO plugin v27.4 - https:\/\/yoast.com\/product\/yoast-seo-wordpress\/ -->\n<title>Front Page - Fenway<\/title>\n<meta name=\"robots\" content=\"index, follow, max-snippet:-1, max-image-preview:large, max-video-preview:-1\" \/>\n<link rel=\"canonical\" href=\"https:\/\/fenway.de\/\" \/>\n<meta property=\"og:locale\" content=\"de_DE\" \/>\n<meta property=\"og:type\" content=\"article\" \/>\n<meta property=\"og:title\" content=\"Front Page - Fenway\" \/>\n<meta property=\"og:description\" content=\"Mein journalistisches Selbstverst\u00e4ndnis Seri\u00f6se Nachrichten werden in Zeiten von Fake News und tendenzi\u00f6ser Berichterstattung immer wichtiger. Demokratie funktioniert nur mit einer aufgekl\u00e4rten Gesellschaft, in der die Medien frei und unabh\u00e4ngig arbeiten k\u00f6nnen. Ich sehen meine Aufgabe darin, wichtige Themen aufzusp\u00fcren, diese gut zu recherchieren und journalistisch auf den Punkt zu bringen \u2013 immer mit dem&hellip; Weiterlesen\" \/>\n<meta property=\"og:url\" content=\"https:\/\/fenway.de\/\" \/>\n<meta property=\"og:site_name\" content=\"Fenway\" \/>\n<meta property=\"article:modified_time\" content=\"2025-08-25T03:48:48+00:00\" \/>\n<meta property=\"og:image\" content=\"https:\/\/fenway.de\/wp-content\/plugins\/one-page-express-companion\/theme-data\/one-page-express\/sections\/images\/project1.jpg\" \/>\n<meta name=\"twitter:card\" content=\"summary_large_image\" \/>\n<meta name=\"twitter:label1\" content=\"Gesch\u00e4tzte Lesezeit\" \/>\n\t<meta name=\"twitter:data1\" content=\"3\u00a0Minuten\" \/>\n<script type=\"application\/ld+json\" class=\"yoast-schema-graph\">{\"@context\":\"https:\\\/\\\/schema.org\",\"@graph\":[{\"@type\":\"WebPage\",\"@id\":\"https:\\\/\\\/fenway.de\\\/\",\"url\":\"https:\\\/\\\/fenway.de\\\/\",\"name\":\"Front Page - Fenway\",\"isPartOf\":{\"@id\":\"https:\\\/\\\/fenway.de\\\/#website\"},\"primaryImageOfPage\":{\"@id\":\"https:\\\/\\\/fenway.de\\\/#primaryimage\"},\"image\":{\"@id\":\"https:\\\/\\\/fenway.de\\\/#primaryimage\"},\"thumbnailUrl\":\"https:\\\/\\\/fenway.de\\\/wp-content\\\/plugins\\\/one-page-express-companion\\\/theme-data\\\/one-page-express\\\/sections\\\/images\\\/project1.jpg\",\"datePublished\":\"2025-05-20T08:44:58+00:00\",\"dateModified\":\"2025-08-25T03:48:48+00:00\",\"breadcrumb\":{\"@id\":\"https:\\\/\\\/fenway.de\\\/#breadcrumb\"},\"inLanguage\":\"de\",\"potentialAction\":[{\"@type\":\"ReadAction\",\"target\":[\"https:\\\/\\\/fenway.de\\\/\"]}]},{\"@type\":\"ImageObject\",\"inLanguage\":\"de\",\"@id\":\"https:\\\/\\\/fenway.de\\\/#primaryimage\",\"url\":\"https:\\\/\\\/fenway.de\\\/wp-content\\\/plugins\\\/one-page-express-companion\\\/theme-data\\\/one-page-express\\\/sections\\\/images\\\/project1.jpg\",\"contentUrl\":\"https:\\\/\\\/fenway.de\\\/wp-content\\\/plugins\\\/one-page-express-companion\\\/theme-data\\\/one-page-express\\\/sections\\\/images\\\/project1.jpg\"},{\"@type\":\"BreadcrumbList\",\"@id\":\"https:\\\/\\\/fenway.de\\\/#breadcrumb\",\"itemListElement\":[{\"@type\":\"ListItem\",\"position\":1,\"name\":\"Startseite\",\"item\":\"https:\\\/\\\/fenway.de\\\/\"},{\"@type\":\"ListItem\",\"position\":2,\"name\":\"Front Page\"}]},{\"@type\":\"WebSite\",\"@id\":\"https:\\\/\\\/fenway.de\\\/#website\",\"url\":\"https:\\\/\\\/fenway.de\\\/\",\"name\":\"Fenway\",\"description\":\"Journalismus\",\"potentialAction\":[{\"@type\":\"SearchAction\",\"target\":{\"@type\":\"EntryPoint\",\"urlTemplate\":\"https:\\\/\\\/fenway.de\\\/?s={search_term_string}\"},\"query-input\":{\"@type\":\"PropertyValueSpecification\",\"valueRequired\":true,\"valueName\":\"search_term_string\"}}],\"inLanguage\":\"de\"}]}<\/script>\n<!-- \/ Yoast SEO plugin. -->","yoast_head_json":{"title":"Front Page - Fenway","robots":{"index":"index","follow":"follow","max-snippet":"max-snippet:-1","max-image-preview":"max-image-preview:large","max-video-preview":"max-video-preview:-1"},"canonical":"https:\/\/fenway.de\/","og_locale":"de_DE","og_type":"article","og_title":"Front Page - Fenway","og_description":"Mein journalistisches Selbstverst\u00e4ndnis Seri\u00f6se Nachrichten werden in Zeiten von Fake News und tendenzi\u00f6ser Berichterstattung immer wichtiger. Demokratie funktioniert nur mit einer aufgekl\u00e4rten Gesellschaft, in der die Medien frei und unabh\u00e4ngig arbeiten k\u00f6nnen. Ich sehen meine Aufgabe darin, wichtige Themen aufzusp\u00fcren, diese gut zu recherchieren und journalistisch auf den Punkt zu bringen \u2013 immer mit dem&hellip; Weiterlesen","og_url":"https:\/\/fenway.de\/","og_site_name":"Fenway","article_modified_time":"2025-08-25T03:48:48+00:00","og_image":[{"url":"https:\/\/fenway.de\/wp-content\/plugins\/one-page-express-companion\/theme-data\/one-page-express\/sections\/images\/project1.jpg","type":"","width":"","height":""}],"twitter_card":"summary_large_image","twitter_misc":{"Gesch\u00e4tzte Lesezeit":"3\u00a0Minuten"},"schema":{"@context":"https:\/\/schema.org","@graph":[{"@type":"WebPage","@id":"https:\/\/fenway.de\/","url":"https:\/\/fenway.de\/","name":"Front Page - Fenway","isPartOf":{"@id":"https:\/\/fenway.de\/#website"},"primaryImageOfPage":{"@id":"https:\/\/fenway.de\/#primaryimage"},"image":{"@id":"https:\/\/fenway.de\/#primaryimage"},"thumbnailUrl":"https:\/\/fenway.de\/wp-content\/plugins\/one-page-express-companion\/theme-data\/one-page-express\/sections\/images\/project1.jpg","datePublished":"2025-05-20T08:44:58+00:00","dateModified":"2025-08-25T03:48:48+00:00","breadcrumb":{"@id":"https:\/\/fenway.de\/#breadcrumb"},"inLanguage":"de","potentialAction":[{"@type":"ReadAction","target":["https:\/\/fenway.de\/"]}]},{"@type":"ImageObject","inLanguage":"de","@id":"https:\/\/fenway.de\/#primaryimage","url":"https:\/\/fenway.de\/wp-content\/plugins\/one-page-express-companion\/theme-data\/one-page-express\/sections\/images\/project1.jpg","contentUrl":"https:\/\/fenway.de\/wp-content\/plugins\/one-page-express-companion\/theme-data\/one-page-express\/sections\/images\/project1.jpg"},{"@type":"BreadcrumbList","@id":"https:\/\/fenway.de\/#breadcrumb","itemListElement":[{"@type":"ListItem","position":1,"name":"Startseite","item":"https:\/\/fenway.de\/"},{"@type":"ListItem","position":2,"name":"Front Page"}]},{"@type":"WebSite","@id":"https:\/\/fenway.de\/#website","url":"https:\/\/fenway.de\/","name":"Fenway","description":"Journalismus","potentialAction":[{"@type":"SearchAction","target":{"@type":"EntryPoint","urlTemplate":"https:\/\/fenway.de\/?s={search_term_string}"},"query-input":{"@type":"PropertyValueSpecification","valueRequired":true,"valueName":"search_term_string"}}],"inLanguage":"de"}]}},"_links":{"self":[{"href":"https:\/\/fenway.de\/index.php?rest_route=\/wp\/v2\/pages\/219","targetHints":{"allow":["GET"]}}],"collection":[{"href":"https:\/\/fenway.de\/index.php?rest_route=\/wp\/v2\/pages"}],"about":[{"href":"https:\/\/fenway.de\/index.php?rest_route=\/wp\/v2\/types\/page"}],"author":[{"embeddable":true,"href":"https:\/\/fenway.de\/index.php?rest_route=\/wp\/v2\/users\/1"}],"replies":[{"embeddable":true,"href":"https:\/\/fenway.de\/index.php?rest_route=%2Fwp%2Fv2%2Fcomments&post=219"}],"version-history":[{"count":33,"href":"https:\/\/fenway.de\/index.php?rest_route=\/wp\/v2\/pages\/219\/revisions"}],"predecessor-version":[{"id":293,"href":"https:\/\/fenway.de\/index.php?rest_route=\/wp\/v2\/pages\/219\/revisions\/293"}],"wp:attachment":[{"href":"https:\/\/fenway.de\/index.php?rest_route=%2Fwp%2Fv2%2Fmedia&parent=219"}],"curies":[{"name":"wp","href":"https:\/\/api.w.org\/{rel}","templated":true}]}}